{"id":8497,"date":"2024-01-22T12:34:18","date_gmt":"2024-01-22T11:34:18","guid":{"rendered":"https:\/\/ham.es\/boquerel-gnl-innovacion-seguridad-medioambiente\/"},"modified":"2025-05-28T09:32:20","modified_gmt":"2025-05-28T07:32:20","slug":"boca-gnl-innovacio-seguretat-mediambient","status":"publish","type":"page","link":"https:\/\/ham.es\/ca\/boca-gnl-innovacio-seguretat-mediambient","title":{"rendered":"HAM-Innovacion-Boquerel-GNL-CA"},"content":{"rendered":"<p>[et_pb_section fb_built=&#8221;1&#8243; admin_label=&#8221;IMAGEN&#8221; _builder_version=&#8221;4.16&#8243; _module_preset=&#8221;default&#8221; custom_padding=&#8221;0px||45px|||&#8221; global_colors_info=&#8221;{}&#8221;][et_pb_row custom_padding_last_edited=&#8221;on|desktop&#8221; _builder_version=&#8221;4.16&#8243; _module_preset=&#8221;default&#8221; width=&#8221;100%&#8221; max_width_tablet=&#8221;&#8221; max_width_phone=&#8221;&#8221; max_width_last_edited=&#8221;on|desktop&#8221; module_alignment=&#8221;center&#8221; custom_margin=&#8221;-28px|auto||auto||&#8221; custom_padding_tablet=&#8221;36px||||false|false&#8221; custom_padding_phone=&#8221;&#8221; global_colors_info=&#8221;{}&#8221;][et_pb_column type=&#8221;4_4&#8243; _builder_version=&#8221;4.16&#8243; _module_preset=&#8221;default&#8221; global_colors_info=&#8221;{}&#8221;][et_pb_image src=&#8221;https:\/\/ham.es\/wp-content\/uploads\/2024\/01\/boquerel-gnl-ham-innovacion.webp&#8221; alt=&#8221;Boca GNL que augmenta la seguretat i redueix les emissions, desenvolupat pel Grup HAM&#8221; title_text=&#8221;Boca GNL m\u00e9s segur i eficient desenvolupat pel Grup HAM&#8221; force_fullwidth=&#8221;on&#8221; src_tablet=&#8221;https:\/\/ham.es\/wp-content\/uploads\/2024\/01\/boquerel-gnl-ham-innovacion.webp&#8221; src_phone=&#8221;https:\/\/ham.es\/wp-content\/uploads\/2024\/01\/boquerel-gnl-ham-innovacion.webp&#8221; src_last_edited=&#8221;on|desktop&#8221; _builder_version=&#8221;4.21.0&#8243; _module_preset=&#8221;default&#8221; custom_margin=&#8221;-39px||-82px||false|false&#8221; custom_margin_tablet=&#8221;-39px||-82px||false|false&#8221; custom_margin_phone=&#8221;-39px||-82px||false|false&#8221; custom_margin_last_edited=&#8221;on|desktop&#8221; custom_padding=&#8221;||0px||false|false&#8221; hover_enabled=&#8221;0&#8243; border_width_all=&#8221;2px&#8221; border_color_all=&#8221;#fcf6e9&#8243; border_width_top=&#8221;0px&#8221; border_width_right=&#8221;0px&#8221; border_width_bottom=&#8221;3px&#8221; border_width_left=&#8221;0px&#8221; border_color_all_tablet=&#8221;#fcf6e9&#8243; border_color_all_phone=&#8221;#fcf6e9&#8243; border_color_all_last_edited=&#8221;on|desktop&#8221; border_color_bottom_tablet=&#8221;&#8221; border_color_bottom_phone=&#8221;&#8221; border_color_bottom_last_edited=&#8221;on|phone&#8221; global_colors_info=&#8221;{}&#8221; sticky_enabled=&#8221;0&#8243;][\/et_pb_image][\/et_pb_column][\/et_pb_row][\/et_pb_section][et_pb_section fb_built=&#8221;1&#8243; custom_padding_last_edited=&#8221;on|tablet&#8221; next_background_color=&#8221;#fcf6e9&#8243; admin_label=&#8221;TEXTO H1&#8243; _builder_version=&#8221;4.21.0&#8243; _module_preset=&#8221;default&#8221; background_color=&#8221;RGBA(0,0,0,0)&#8221; custom_margin_tablet=&#8221;&#8221; custom_margin_phone=&#8221;&#8221; custom_margin_last_edited=&#8221;on|desktop&#8221; custom_padding=&#8221;0px||50px||false|false&#8221; custom_padding_tablet=&#8221;0px||50px||false|false&#8221; custom_padding_phone=&#8221;0px||50px||false|false&#8221; bottom_divider_style=&#8221;slant2&#8243; bottom_divider_style_tablet=&#8221;slant2&#8243; bottom_divider_style_phone=&#8221;slant2&#8243; bottom_divider_style_last_edited=&#8221;on|desktop&#8221; global_colors_info=&#8221;{}&#8221;][et_pb_row custom_padding_last_edited=&#8221;on|desktop&#8221; _builder_version=&#8221;4.16&#8243; _module_preset=&#8221;default&#8221; background_color=&#8221;RGBA(0,0,0,0)&#8221; use_background_color_gradient=&#8221;on&#8221; background_color_gradient_stops=&#8221;rgba(0,0,0,0) 0%|rgba(0,0,0,0) 90%&#8221; background_color_gradient_start=&#8221;rgba(0,0,0,0)&#8221; background_color_gradient_end=&#8221;rgba(0,0,0,0)&#8221; background_color_gradient_end_position=&#8221;90%&#8221; width=&#8221;100%&#8221; max_width_tablet=&#8221;976px&#8221; max_width_phone=&#8221;&#8221; max_width_last_edited=&#8221;on|tablet&#8221; custom_margin=&#8221;0px||0px||false|false&#8221; custom_padding=&#8221;25px|10px|25px|10px|true|true&#8221; custom_padding_tablet=&#8221;&#8221; custom_padding_phone=&#8221;8px|10px|8px|10px|true|true&#8221; global_colors_info=&#8221;{}&#8221;][et_pb_column type=&#8221;4_4&#8243; _builder_version=&#8221;4.16&#8243; _module_preset=&#8221;default&#8221; global_colors_info=&#8221;{}&#8221;][et_pb_text content_tablet=&#8221;<\/p>\n<h1 style=%22font-size: 20px; text-align: center;%22><strong>Boca GNL de Grup HAM<\/strong><\/h1>\n<p>&#8221; content_phone=&#8221;<\/p>\n<h1 style=%22font-size: 20px; text-align: center;%22><strong>Boca GNL de Grup HAM<\/strong><\/h1>\n<p>&#8221; content_last_edited=&#8221;on|desktop&#8221; _builder_version=&#8221;4.21.0&#8243; _module_preset=&#8221;default&#8221; header_font=&#8221;Roboto|700|||||||&#8221; header_font_size=&#8221;40px&#8221; background_color=&#8221;RGBA(0,0,0,0)&#8221; custom_padding=&#8221;|300px|0px|300px|false|true&#8221; custom_padding_tablet=&#8221;|10px|0px|10px|false|true&#8221; custom_padding_phone=&#8221;&#8221; custom_padding_last_edited=&#8221;on|tablet&#8221; hover_enabled=&#8221;0&#8243; header_font_tablet=&#8221;&#8221; header_font_phone=&#8221;&#8221; header_font_last_edited=&#8221;on|phone&#8221; header_font_size_tablet=&#8221;25px&#8221; header_font_size_phone=&#8221;20px&#8221; header_font_size_last_edited=&#8221;on|desktop&#8221; global_colors_info=&#8221;{}&#8221; sticky_enabled=&#8221;0&#8243;]<\/p>\n<h1 style=\"font-size: 25px; text-align: center;\"><strong>Boca GNL de Grup HAM<\/strong><\/h1>\n<p>[\/et_pb_text][\/et_pb_column][\/et_pb_row][et_pb_row column_structure=&#8221;1_2,1_2&#8243; _builder_version=&#8221;4.21.0&#8243; _module_preset=&#8221;default&#8221; width=&#8221;100%&#8221; max_width=&#8221;1300px&#8221; custom_margin=&#8221;0px||25px||false|false&#8221; custom_margin_tablet=&#8221;||0px||false|false&#8221; custom_margin_phone=&#8221;&#8221; custom_margin_last_edited=&#8221;on|desktop&#8221; custom_padding=&#8221;0px||1px||false|false&#8221; locked=&#8221;off&#8221; global_colors_info=&#8221;{}&#8221;][et_pb_column type=&#8221;1_2&#8243; _builder_version=&#8221;4.16&#8243; _module_preset=&#8221;default&#8221; global_colors_info=&#8221;{}&#8221;][et_pb_text content_tablet=&#8221;<\/p>\n<p style=%22text-align: left;%22><a href=%22https:\/\/ham.es\/ca\/%22 title=%22Boca GNL HAM, el m\u00e9s segur i eficient del mercat%22><strong>Grup HAM<\/strong><\/a> aposta per la <a href=%22https:\/\/ham.es\/ca\/innovacio\/%22 title=%22Boca GNL HAM, tecnologia aplicada a la millora del prove\u00efment del gas natural liquat%22><strong>innovaci\u00f3<\/strong><\/a> i ha desenvolupat una boca GNL que augmenta la seguretat i minimitza les emissions de gasos contaminants. Disposa d\u00b4un doble sistema d\u00b4ancoratge i tancament que augmenta la seguretat en el subministrament de GNL, eliminant el risc de fuites o p\u00e8rdues de l\u00edquid de la junta amb el dip\u00f2sit del cami\u00f3.<\/p>\n<p>&#8221; content_phone=&#8221;<\/p>\n<p style=%22text-align: left;%22><a href=%22https:\/\/ham.es\/ca\/%22 title=%22Boca GNL HAM, el m\u00e9s segur i eficient del mercat%22><strong>Grup HAM<\/strong><\/a> aposta per la <a href=%22https:\/\/ham.es\/ca\/innovacio\/%22 title=%22Boca GNL HAM, tecnologia aplicada a la millora del prove\u00efment del gas natural liquat%22><strong>innovaci\u00f3<\/strong><\/a> i ha desenvolupat una boca GNL que augmenta la seguretat i minimitza les emissions de gasos contaminants. Disposa d\u00b4un doble sistema d\u00b4ancoratge i tancament que augmenta la seguretat en el subministrament de GNL, eliminant el risc de fuites o p\u00e8rdues de l\u00edquid de la junta amb el dip\u00f2sit del cami\u00f3.<\/p>\n<p>&#8221; content_last_edited=&#8221;on|desktop&#8221; _builder_version=&#8221;4.21.0&#8243; _module_preset=&#8221;default&#8221; text_font=&#8221;||||||||&#8221; text_text_color=&#8221;#000000&#8243; text_font_size=&#8221;15px&#8221; text_line_height=&#8221;2em&#8221; custom_margin=&#8221;|25px||25px|false|true&#8221; custom_margin_tablet=&#8221;||-75px||false|false&#8221; custom_margin_phone=&#8221;|15px|-75px|15px|false|true&#8221; custom_margin_last_edited=&#8221;on|desktop&#8221; custom_padding=&#8221;|0px|35px|0px|false|true&#8221; custom_padding_tablet=&#8221;|25px|0px|25px|false|true&#8221; custom_padding_phone=&#8221;0px|25px|0px|25px|true|true&#8221; custom_padding_last_edited=&#8221;on|phone&#8221; hover_enabled=&#8221;0&#8243; text_font_size_tablet=&#8221;&#8221; text_font_size_phone=&#8221;&#8221; text_font_size_last_edited=&#8221;on|phone&#8221; global_colors_info=&#8221;{}&#8221; sticky_enabled=&#8221;0&#8243;]<\/p>\n<p style=\"text-align: left;\"><a href=\"https:\/\/ham.es\/ca\/\" title=\"Boca GNL HAM, el m\u00e9s segur i eficient del mercat\"><strong>Grup HAM<\/strong><\/a> aposta per la <a href=\"https:\/\/ham.es\/ca\/innovacio\" title=\"Boca GNL HAM, tecnologia aplicada a la millora del prove\u00efment del gas natural liquat\"><strong>innovaci\u00f3<\/strong><\/a> i ha desenvolupat una boca GNL que augmenta la seguretat i minimitza les emissions de gasos contaminants. Disposa d\u00b4un doble sistema d\u00b4ancoratge i tancament que augmenta la seguretat en el subministrament de GNL, eliminant el risc de fuites o p\u00e8rdues de l\u00edquid de la junta amb el dip\u00f2sit del cami\u00f3.<\/p>\n<p>[\/et_pb_text][\/et_pb_column][et_pb_column type=&#8221;1_2&#8243; _builder_version=&#8221;4.16&#8243; _module_preset=&#8221;default&#8221; global_colors_info=&#8221;{}&#8221;][et_pb_code raw_content_tablet=&#8221;&#8221; raw_content_phone=&#8221;&#8221; raw_content_last_edited=&#8221;on|desktop&#8221; _builder_version=&#8221;4.21.0&#8243; _module_preset=&#8221;default&#8221; global_colors_info=&#8221;{}&#8221;]<iframe loading=\"lazy\" width=\"426\" height=\"240\" src=\"https:\/\/www.youtube.com\/embed\/JQxOm2LxvQs?rel=0\" frameborder=\"0\" allow=\"autoplay; encrypted-media;\" allowfullscreen><\/iframe><!-- [et_pb_line_break_holder] -->[\/et_pb_code][\/et_pb_column][\/et_pb_row][et_pb_row column_structure=&#8221;1_2,1_2&#8243; _builder_version=&#8221;4.21.0&#8243; _module_preset=&#8221;default&#8221; width=&#8221;100%&#8221; max_width=&#8221;1300px&#8221; custom_margin=&#8221;50px||||false|false&#8221; custom_margin_tablet=&#8221;0px||||false|false&#8221; custom_margin_phone=&#8221;&#8221; custom_margin_last_edited=&#8221;on|desktop&#8221; custom_padding=&#8221;0px||0px||false|false&#8221; locked=&#8221;off&#8221; global_colors_info=&#8221;{}&#8221;][et_pb_column type=&#8221;1_2&#8243; _builder_version=&#8221;4.16&#8243; _module_preset=&#8221;default&#8221; global_colors_info=&#8221;{}&#8221;][et_pb_image src=&#8221;https:\/\/ham.es\/wp-content\/uploads\/2024\/01\/boquerel-gnl-repostar-estacion-servicio-ham.webp&#8221; alt=&#8221;La nova boca GNL desenvolupada per Grup HAM disposa d&#8217;un doble sistema d&#8217;ancoratge i tancament per augmentar la seguretat durant el prove\u00efment&#8221; title_text=&#8221;Boca GNL innovador, segur i eficient | Grup HAM&#8221; src_tablet=&#8221;https:\/\/ham.es\/wp-content\/uploads\/2024\/01\/boquerel-gnl-repostar-estacion-servicio-ham.webp&#8221; src_phone=&#8221;https:\/\/ham.es\/wp-content\/uploads\/2024\/01\/boquerel-gnl-repostar-estacion-servicio-ham.webp&#8221; src_last_edited=&#8221;on|desktop&#8221; _builder_version=&#8221;4.21.0&#8243; _module_preset=&#8221;default&#8221; custom_margin_tablet=&#8221;25px||||false|false&#8221; custom_margin_phone=&#8221;25px||||false|false&#8221; custom_margin_last_edited=&#8221;on|desktop&#8221; hover_enabled=&#8221;0&#8243; border_radii=&#8221;off|15px||15px|&#8221; border_radii_tablet=&#8221;off|15px||15px|&#8221; border_radii_phone=&#8221;off|15px||15px|&#8221; border_radii_last_edited=&#8221;on|desktop&#8221; global_colors_info=&#8221;{}&#8221; sticky_enabled=&#8221;0&#8243;][\/et_pb_image][\/et_pb_column][et_pb_column type=&#8221;1_2&#8243; _builder_version=&#8221;4.16&#8243; _module_preset=&#8221;default&#8221; global_colors_info=&#8221;{}&#8221;][et_pb_text content_tablet=&#8221;<\/p>\n<h2 style=%22font-size: 20px; text-align: center;%22><strong>Boca GNL adaptada a tots els sistemes<\/strong><\/h2>\n<p>&#8221; content_phone=&#8221;<\/p>\n<h2 style=%22font-size: 20px; text-align: center;%22><strong>Boca GNL adaptada a tots els sistemes<\/strong><\/h2>\n<p>&#8221; content_last_edited=&#8221;on|desktop&#8221; _builder_version=&#8221;4.21.0&#8243; _module_preset=&#8221;default&#8221; text_font=&#8221;||||||||&#8221; text_text_color=&#8221;#000000&#8243; text_font_size=&#8221;15px&#8221; text_line_height=&#8221;2em&#8221; custom_margin=&#8221;25px|25px|5px|25px|false|true&#8221; custom_margin_tablet=&#8221;0px||||false|true&#8221; custom_margin_phone=&#8221;|15px||15px|false|true&#8221; custom_margin_last_edited=&#8221;on|desktop&#8221; custom_padding=&#8221;|0px|15px|0px|false|true&#8221; custom_padding_tablet=&#8221;|25px|15px|25px|false|true&#8221; custom_padding_phone=&#8221;15px|25px|15px|25px|true|true&#8221; custom_padding_last_edited=&#8221;on|desktop&#8221; hover_enabled=&#8221;0&#8243; text_font_size_tablet=&#8221;&#8221; text_font_size_phone=&#8221;&#8221; text_font_size_last_edited=&#8221;on|phone&#8221; global_colors_info=&#8221;{}&#8221; sticky_enabled=&#8221;0&#8243;]<\/p>\n<h2 style=\"font-size: 20px; text-align: center;\"><strong>Boca GNL adaptada a tots els sistemes<\/strong><\/h2>\n<p>[\/et_pb_text][et_pb_text content_tablet=&#8221;<\/p>\n<p style=%22text-align: left;%22>Constru\u00eft en alumini i acer inoxidable, el seu disseny s&#8217;adapta als actuals sistemes, i no cal canviar cap component dels sortidors de GNL de les<a href=%22https:\/\/ham.es\/ca\/estacions-servei-gnl-gnc\/%22 title=%22Boca GNL | Estacions de servei HAM%22><strong> estacions de servei<\/strong><\/a>, ni realitzar cap inversi\u00f3 en els camions. Aquesta nova boca \u00e9s duradora, segura i f\u00e0cil d&#8217;utilitzar durant el prove\u00efment de gas natural liquat.<\/p>\n<p>&#8221; content_phone=&#8221;<\/p>\n<p style=%22text-align: left;%22>Constru\u00eft en alumini i acer inoxidable, el seu disseny s&#8217;adapta als actuals sistemes, i no cal canviar cap component dels sortidors de GNL de les<a href=%22https:\/\/ham.es\/ca\/estacions-servei-gnl-gnc\/%22 title=%22Boca GNL | Estacions de servei HAM%22><strong> estacions de servei<\/strong><\/a>, ni realitzar cap inversi\u00f3 en els camions. Aquesta nova boca \u00e9s duradora, segura i f\u00e0cil d&#8217;utilitzar durant el prove\u00efment de gas natural liquat.<\/p>\n<p>&#8221; content_last_edited=&#8221;on|desktop&#8221; _builder_version=&#8221;4.21.0&#8243; _module_preset=&#8221;default&#8221; text_font=&#8221;||||||||&#8221; text_text_color=&#8221;#000000&#8243; text_font_size=&#8221;15px&#8221; text_line_height=&#8221;2em&#8221; custom_margin=&#8221;|25px||25px|false|true&#8221; custom_margin_tablet=&#8221;&#8221; custom_margin_phone=&#8221;|15px||15px|false|true&#8221; custom_margin_last_edited=&#8221;on|desktop&#8221; custom_padding=&#8221;|0px|35px|0px|false|true&#8221; custom_padding_tablet=&#8221;|25px|0px|25px|false|true&#8221; custom_padding_phone=&#8221;0px|25px|0px|25px|true|true&#8221; custom_padding_last_edited=&#8221;on|phone&#8221; hover_enabled=&#8221;0&#8243; text_font_size_tablet=&#8221;&#8221; text_font_size_phone=&#8221;&#8221; text_font_size_last_edited=&#8221;on|phone&#8221; global_colors_info=&#8221;{}&#8221; sticky_enabled=&#8221;0&#8243;]<\/p>\n<p style=\"text-align: left;\">Constru\u00eft en alumini i acer inoxidable, el seu disseny s&#8217;adapta als actuals sistemes, i no cal canviar cap component dels sortidors de GNL de les<a href=\"https:\/\/ham.es\/ca\/estacions-servei-gnl-gnc\" title=\"Boca GNL | Estacions de servei HAM\"><strong> estacions de servei<\/strong><\/a>, ni realitzar cap inversi\u00f3 en els camions. Aquesta nova boca \u00e9s duradora, segura i f\u00e0cil d&#8217;utilitzar durant el prove\u00efment de gas natural liquat.<\/p>\n<p>[\/et_pb_text][\/et_pb_column][\/et_pb_row][\/et_pb_section][et_pb_section fb_built=&#8221;1&#8243; prev_background_color=&#8221;RGBA(0,0,0,0)&#8221; _builder_version=&#8221;4.21.0&#8243; _module_preset=&#8221;default&#8221; background_color=&#8221;#fcf6e9&#8243; custom_margin=&#8221;0px||0px||false|false&#8221; custom_margin_tablet=&#8221;0px||0px||false|false&#8221; custom_margin_phone=&#8221;0px||0px||false|false&#8221; custom_margin_last_edited=&#8221;on|desktop&#8221; custom_padding=&#8221;0px||0px||false|false&#8221; top_divider_style=&#8221;slant2&#8243; top_divider_style_tablet=&#8221;slant2&#8243; top_divider_style_phone=&#8221;slant2&#8243; top_divider_style_last_edited=&#8221;on|phone&#8221; background_last_edited=&#8221;on|desktop&#8221; locked=&#8221;off&#8221; global_colors_info=&#8221;{}&#8221;][et_pb_row column_structure=&#8221;1_2,1_2&#8243; use_custom_gutter=&#8221;on&#8221; custom_padding_last_edited=&#8221;on|desktop&#8221; _builder_version=&#8221;4.21.0&#8243; _module_preset=&#8221;default&#8221; custom_padding=&#8221;0px||||false|false&#8221; custom_padding_tablet=&#8221;0px||||false|false&#8221; custom_padding_phone=&#8221;0px||||false|false&#8221; global_colors_info=&#8221;{}&#8221;][et_pb_column type=&#8221;1_2&#8243; _builder_version=&#8221;4.21.0&#8243; _module_preset=&#8221;default&#8221; global_colors_info=&#8221;{}&#8221;][et_pb_text content_tablet=&#8221;<\/p>\n<h2 style=%22font-size: 20px; text-align: center;%22><strong>Contactar amb Grup HAM<\/strong><\/h2>\n<p>&#8221; content_phone=&#8221;<\/p>\n<h2 style=%22font-size: 20px; text-align: center;%22><strong>Contactar amb Grup HAM<\/strong><\/h2>\n<p>&#8221; content_last_edited=&#8221;on|desktop&#8221; _builder_version=&#8221;4.21.0&#8243; _module_preset=&#8221;default&#8221; text_font=&#8221;||||||||&#8221; text_text_color=&#8221;#000000&#8243; text_font_size=&#8221;15px&#8221; text_line_height=&#8221;2em&#8221; custom_margin=&#8221;25px|25px|25px|25px|true|true&#8221; custom_margin_tablet=&#8221;0px||15px||false|true&#8221; custom_margin_phone=&#8221;|15px||15px|false|true&#8221; custom_margin_last_edited=&#8221;on|desktop&#8221; custom_padding=&#8221;|0px|0px|0px|false|true&#8221; custom_padding_tablet=&#8221;|25px|0px|25px|false|true&#8221; custom_padding_phone=&#8221;0px|25px|0px|25px|true|true&#8221; custom_padding_last_edited=&#8221;on|phone&#8221; hover_enabled=&#8221;0&#8243; text_font_size_tablet=&#8221;&#8221; text_font_size_phone=&#8221;&#8221; text_font_size_last_edited=&#8221;on|phone&#8221; global_colors_info=&#8221;{}&#8221; sticky_enabled=&#8221;0&#8243;]<\/p>\n<h2 style=\"font-size: 20px; text-align: center;\"><strong>Contactar amb Grup HAM<\/strong><\/h2>\n<p>[\/et_pb_text][et_pb_text content_tablet=&#8221;<\/p>\n<p style=%22font-size: 16px; text-align: left;%22>Per rebre m\u00e9s informaci\u00f3 sobre la boca GNL desenvolupada pel Grup HAM, nom\u00e9s ens has d&#8217;<a href=%22https:\/\/ham.es\/ca\/contacte\/%22 title=%22Boca GNL Grup HAM | Contacte Grup HAM%22><strong>escriure ara<\/strong><\/a> o trucar-nos al tel\u00e8fon <a href=%22tel:+34937704760%22 title=%22Boca GNL Grup HAM | Tel\u00e8fon de Grup HAM%22><strong>(34) 93 770 47 60<\/strong><\/a>.<br \/>\nEl nostre equip us atendr\u00e0 i informar\u00e0 sobre les caracter\u00edstiques del nostre seit\u00f3 GNL.<\/p>\n<p>&#8221; content_phone=&#8221;<\/p>\n<p style=%22font-size: 15px; text-align: left;%22>Per rebre m\u00e9s informaci\u00f3 sobre la boca GNL desenvolupada pel Grup HAM, nom\u00e9s ens has d&#8217;<a href=%22https:\/\/ham.es\/ca\/contacte\/%22 title=%22Boca GNL Grup HAM | Contacte Grup HAM%22><strong>escriure ara<\/strong><\/a> o trucar-nos al tel\u00e8fon <a href=%22tel:+34937704760%22 title=%22Boca GNL Grup HAM | Tel\u00e8fon de Grup HAM%22><strong>(34) 93 770 47 60<\/strong><\/a>.<br \/>\nEl nostre equip us atendr\u00e0 i informar\u00e0 sobre les caracter\u00edstiques del nostre seit\u00f3 GNL.<\/p>\n<p>&#8221; content_last_edited=&#8221;on|desktop&#8221; _builder_version=&#8221;4.21.0&#8243; _module_preset=&#8221;default&#8221; text_font=&#8221;||||||||&#8221; text_text_color=&#8221;#000000&#8243; text_font_size=&#8221;15px&#8221; text_line_height=&#8221;2em&#8221; custom_margin=&#8221;|25px||25px|false|true&#8221; custom_margin_tablet=&#8221;||30px||false|true&#8221; custom_margin_phone=&#8221;|15px|30px|15px|false|true&#8221; custom_margin_last_edited=&#8221;on|desktop&#8221; custom_padding=&#8221;|0px|35px|0px|false|true&#8221; custom_padding_tablet=&#8221;|25px|0px|25px|false|true&#8221; custom_padding_phone=&#8221;0px|25px|0px|25px|true|true&#8221; custom_padding_last_edited=&#8221;on|tablet&#8221; hover_enabled=&#8221;0&#8243; text_font_size_tablet=&#8221;&#8221; text_font_size_phone=&#8221;&#8221; text_font_size_last_edited=&#8221;on|phone&#8221; global_colors_info=&#8221;{}&#8221; sticky_enabled=&#8221;0&#8243;]<\/p>\n<p style=\"font-size: 18px; text-align: left;\">Per rebre m\u00e9s informaci\u00f3 sobre la boca GNL desenvolupada pel Grup HAM, nom\u00e9s ens has d&#8217;<a href=\"https:\/\/ham.es\/ca\/contacte\" title=\"Boca GNL Grup HAM | Contacte Grup HAM\"><strong>escriure ara<\/strong><\/a> o trucar-nos al tel\u00e8fon <a href=\"tel:+34937704760\" title=\"Boca GNL Grup HAM | Tel\u00e8fon de Grup HAM\"><strong>(34) 93 770 47 60<\/strong><\/a>.<br \/>El nostre equip us atendr\u00e0 i informar\u00e0 sobre les caracter\u00edstiques del nostre seit\u00f3 GNL.<\/p>\n<p>[\/et_pb_text][\/et_pb_column][et_pb_column type=&#8221;1_2&#8243; _builder_version=&#8221;4.21.0&#8243; _module_preset=&#8221;default&#8221; global_colors_info=&#8221;{}&#8221;][et_pb_image src=&#8221;https:\/\/ham.es\/wp-content\/uploads\/2024\/01\/gnl-boquerel-repostar-estacion-servicio-contacto.webp&#8221; alt=&#8221;Boca GNL segura, durador i f\u00e0cil d&#8217;utilitzar. Contactar amb Grup HAM per rebre m\u00e9s informaci\u00f3&#8221; title_text=&#8221;Boca GNL segur i eficient | Contactar amb Grup HAM&#8221; force_fullwidth=&#8221;on&#8221; src_tablet=&#8221;https:\/\/ham.es\/wp-content\/uploads\/2024\/01\/gnl-boquerel-repostar-estacion-servicio-contacto.webp&#8221; src_phone=&#8221;https:\/\/ham.es\/wp-content\/uploads\/2024\/01\/gnl-boquerel-repostar-estacion-servicio-contacto.webp&#8221; src_last_edited=&#8221;on|desktop&#8221; _builder_version=&#8221;4.21.0&#8243; _module_preset=&#8221;default&#8221; background_enable_image=&#8221;off&#8221; background_size=&#8221;initial&#8221; custom_margin_tablet=&#8221;-35px||||false|false&#8221; custom_margin_phone=&#8221;-35px||||false|false&#8221; custom_margin_last_edited=&#8221;on|desktop&#8221; custom_padding=&#8221;||0px||false|false&#8221; hover_enabled=&#8221;0&#8243; border_radii=&#8221;off|15px||15px|&#8221; border_radii_tablet=&#8221;off|15px||15px|&#8221; border_radii_phone=&#8221;off|15px||15px|&#8221; border_radii_last_edited=&#8221;on|desktop&#8221; global_colors_info=&#8221;{}&#8221; sticky_enabled=&#8221;0&#8243;][\/et_pb_image][\/et_pb_column][\/et_pb_row][\/et_pb_section]<\/p>\n","protected":false},"excerpt":{"rendered":"<p>Boca GNL de Grup HAMGrup HAM aposta per la innovaci\u00f3 i ha desenvolupat una boca GNL que augmenta la seguretat i minimitza les emissions de gasos contaminants. Disposa d\u00b4un doble sistema d\u00b4ancoratge i tancament que augmenta la seguretat en el subministrament de GNL, eliminant el risc de fuites o p\u00e8rdues de l\u00edquid de la junta [&hellip;]<\/p>\n","protected":false},"author":2,"featured_media":0,"parent":0,"menu_order":0,"comment_status":"closed","ping_status":"closed","template":"","meta":{"_et_pb_use_builder":"on","_et_pb_old_content":"","_et_gb_content_width":"","footnotes":""},"class_list":["post-8497","page","type-page","status-publish","hentry"],"_links":{"self":[{"href":"https:\/\/ham.es\/ca\/wp-json\/wp\/v2\/pages\/8497","targetHints":{"allow":["GET"]}}],"collection":[{"href":"https:\/\/ham.es\/ca\/wp-json\/wp\/v2\/pages"}],"about":[{"href":"https:\/\/ham.es\/ca\/wp-json\/wp\/v2\/types\/page"}],"author":[{"embeddable":true,"href":"https:\/\/ham.es\/ca\/wp-json\/wp\/v2\/users\/2"}],"replies":[{"embeddable":true,"href":"https:\/\/ham.es\/ca\/wp-json\/wp\/v2\/comments?post=8497"}],"version-history":[{"count":2,"href":"https:\/\/ham.es\/ca\/wp-json\/wp\/v2\/pages\/8497\/revisions"}],"predecessor-version":[{"id":16358,"href":"https:\/\/ham.es\/ca\/wp-json\/wp\/v2\/pages\/8497\/revisions\/16358"}],"wp:attachment":[{"href":"https:\/\/ham.es\/ca\/wp-json\/wp\/v2\/media?parent=8497"}],"curies":[{"name":"wp","href":"https:\/\/api.w.org\/{rel}","templated":true}]}}