{"id":8482,"date":"2024-01-17T14:04:39","date_gmt":"2024-01-17T13:04:39","guid":{"rendered":"https:\/\/ham.es\/movil-gnl-gnc-biometano-edux\/"},"modified":"2025-05-28T09:32:30","modified_gmt":"2025-05-28T07:32:30","slug":"mobil-gnl-gnc-biometa-edux","status":"publish","type":"page","link":"https:\/\/ham.es\/ca\/mobil-gnl-gnc-biometa-edux","title":{"rendered":"HAM-Innovacion-EDUX-CA"},"content":{"rendered":"<p>[et_pb_section fb_built=&#8221;1&#8243; admin_label=&#8221;IMAGEN&#8221; _builder_version=&#8221;4.16&#8243; _module_preset=&#8221;default&#8221; custom_padding=&#8221;0px||45px|||&#8221; global_colors_info=&#8221;{}&#8221;][et_pb_row custom_padding_last_edited=&#8221;on|desktop&#8221; _builder_version=&#8221;4.16&#8243; _module_preset=&#8221;default&#8221; width=&#8221;100%&#8221; max_width_tablet=&#8221;&#8221; max_width_phone=&#8221;&#8221; max_width_last_edited=&#8221;on|desktop&#8221; module_alignment=&#8221;center&#8221; custom_margin=&#8221;-28px|auto||auto||&#8221; custom_padding_tablet=&#8221;36px||||false|false&#8221; custom_padding_phone=&#8221;&#8221; global_colors_info=&#8221;{}&#8221;][et_pb_column type=&#8221;4_4&#8243; _builder_version=&#8221;4.16&#8243; _module_preset=&#8221;default&#8221; global_colors_info=&#8221;{}&#8221;][et_pb_image src=&#8221;https:\/\/ham.es\/wp-content\/uploads\/2024\/01\/estacion-servicio-gnl-gnc-movil-transportable.webp&#8221; alt=&#8221;Grup HAM ha desenvolupat EDUX, un nou concepte d&#8217;estaci\u00f3 de servei m\u00f2bil i transportable, que permet repostar GNL &#8211; GNC&#8221; title_text=&#8221;Estacio de servei GNL &#8211; GNC m\u00f2bil i transportable | EDUX Grup HAM&#8221; force_fullwidth=&#8221;on&#8221; src_tablet=&#8221;https:\/\/ham.es\/wp-content\/uploads\/2024\/01\/estacion-servicio-gnl-gnc-movil-transportable.webp&#8221; src_phone=&#8221;https:\/\/ham.es\/wp-content\/uploads\/2024\/01\/estacion-servicio-gnl-gnc-movil-transportable.webp&#8221; src_last_edited=&#8221;on|desktop&#8221; _builder_version=&#8221;4.21.0&#8243; _module_preset=&#8221;default&#8221; custom_margin=&#8221;-39px||-82px||false|false&#8221; custom_margin_tablet=&#8221;-39px||-82px||false|false&#8221; custom_margin_phone=&#8221;-39px||-82px||false|false&#8221; custom_margin_last_edited=&#8221;on|desktop&#8221; custom_padding=&#8221;||0px||false|false&#8221; hover_enabled=&#8221;0&#8243; border_width_all=&#8221;2px&#8221; border_color_all=&#8221;#fcf6e9&#8243; border_width_top=&#8221;0px&#8221; border_width_right=&#8221;0px&#8221; border_width_bottom=&#8221;3px&#8221; border_width_left=&#8221;0px&#8221; border_color_all_tablet=&#8221;#fcf6e9&#8243; border_color_all_phone=&#8221;#fcf6e9&#8243; border_color_all_last_edited=&#8221;on|desktop&#8221; border_color_bottom_tablet=&#8221;&#8221; border_color_bottom_phone=&#8221;&#8221; border_color_bottom_last_edited=&#8221;on|phone&#8221; global_colors_info=&#8221;{}&#8221; sticky_enabled=&#8221;0&#8243;][\/et_pb_image][\/et_pb_column][\/et_pb_row][\/et_pb_section][et_pb_section fb_built=&#8221;1&#8243; admin_label=&#8221;TEXTO H1&#8243; _builder_version=&#8221;4.21.0&#8243; _module_preset=&#8221;default&#8221; background_color=&#8221;RGBA(0,0,0,0)&#8221; custom_margin=&#8221;||0px||false|false&#8221; custom_margin_tablet=&#8221;||0px||false|false&#8221; custom_margin_phone=&#8221;||0px||false|false&#8221; custom_margin_last_edited=&#8221;on|desktop&#8221; custom_padding=&#8221;0px||50px||false|false&#8221; bottom_divider_style=&#8221;slant2&#8243; bottom_divider_color=&#8221;#fcf6e9&#8243; bottom_divider_style_tablet=&#8221;slant2&#8243; bottom_divider_style_phone=&#8221;slant2&#8243; bottom_divider_style_last_edited=&#8221;on|desktop&#8221; global_colors_info=&#8221;{}&#8221;][et_pb_row custom_padding_last_edited=&#8221;on|desktop&#8221; _builder_version=&#8221;4.16&#8243; _module_preset=&#8221;default&#8221; background_color=&#8221;RGBA(0,0,0,0)&#8221; use_background_color_gradient=&#8221;on&#8221; background_color_gradient_stops=&#8221;rgba(0,0,0,0) 0%|rgba(0,0,0,0) 90%&#8221; background_color_gradient_start=&#8221;rgba(0,0,0,0)&#8221; background_color_gradient_end=&#8221;rgba(0,0,0,0)&#8221; background_color_gradient_end_position=&#8221;90%&#8221; width=&#8221;100%&#8221; max_width_tablet=&#8221;976px&#8221; max_width_phone=&#8221;&#8221; max_width_last_edited=&#8221;on|tablet&#8221; custom_margin=&#8221;0px||0px||false|false&#8221; custom_padding=&#8221;25px|10px|25px|10px|true|true&#8221; custom_padding_tablet=&#8221;&#8221; custom_padding_phone=&#8221;8px|10px|8px|10px|true|true&#8221; global_colors_info=&#8221;{}&#8221;][et_pb_column type=&#8221;4_4&#8243; _builder_version=&#8221;4.16&#8243; _module_preset=&#8221;default&#8221; global_colors_info=&#8221;{}&#8221;][et_pb_text content_tablet=&#8221;<\/p>\n<h1 style=%22font-size: 20px; text-align: center;%22><strong>EDUX, estaci\u00f3 de servei m\u00f2bil i transportable GNL \u2013 GNC i Biomet\u00e0<\/strong><\/h1>\n<p>&#8221; content_phone=&#8221;<\/p>\n<h1 style=%22font-size: 20px; text-align: center;%22><strong>EDUX, estaci\u00f3 de servei m\u00f2bil i transportable GNL \u2013 GNC i Biomet\u00e0<\/strong><\/h1>\n<p>&#8221; content_last_edited=&#8221;on|desktop&#8221; _builder_version=&#8221;4.21.0&#8243; _module_preset=&#8221;default&#8221; header_font=&#8221;Roboto|700|||||||&#8221; header_font_size=&#8221;40px&#8221; background_color=&#8221;RGBA(0,0,0,0)&#8221; custom_padding=&#8221;|300px|0px|300px|false|true&#8221; custom_padding_tablet=&#8221;|10px|0px|10px|false|true&#8221; custom_padding_phone=&#8221;&#8221; custom_padding_last_edited=&#8221;on|tablet&#8221; hover_enabled=&#8221;0&#8243; header_font_tablet=&#8221;&#8221; header_font_phone=&#8221;&#8221; header_font_last_edited=&#8221;on|phone&#8221; header_font_size_tablet=&#8221;25px&#8221; header_font_size_phone=&#8221;20px&#8221; header_font_size_last_edited=&#8221;on|desktop&#8221; global_colors_info=&#8221;{}&#8221; sticky_enabled=&#8221;0&#8243;]<\/p>\n<h1 style=\"font-size: 25px; text-align: center;\"><strong>EDUX, estaci\u00f3 de servei m\u00f2bil i transportable GNL \u2013 GNC i Biomet\u00e0<\/strong><\/h1>\n<p>[\/et_pb_text][\/et_pb_column][\/et_pb_row][et_pb_row column_structure=&#8221;1_2,1_2&#8243; _builder_version=&#8221;4.21.0&#8243; _module_preset=&#8221;default&#8221; width=&#8221;100%&#8221; max_width=&#8221;1300px&#8221; custom_margin=&#8221;0px||25px||false|false&#8221; custom_margin_tablet=&#8221;||0px||false|false&#8221; custom_margin_phone=&#8221;&#8221; custom_margin_last_edited=&#8221;on|desktop&#8221; custom_padding=&#8221;0px||1px||false|false&#8221; locked=&#8221;off&#8221; global_colors_info=&#8221;{}&#8221;][et_pb_column type=&#8221;1_2&#8243; _builder_version=&#8221;4.16&#8243; _module_preset=&#8221;default&#8221; global_colors_info=&#8221;{}&#8221;][et_pb_text content_tablet=&#8221;<\/p>\n<p style=%22text-align: left;%22><a href=%22https:\/\/ham.es\/ca\/%22 title=%22Estaci\u00f3 de servei EDUX GNL - GNC i Biomet\u00e0 de Grup HAM%22><strong>Grup HAM<\/strong><\/a> ha desenvolupat EDUX, un nou concepte d&#8217;estaci\u00f3 de servei m\u00f2bil i transportable, que permet el prove\u00efment de Gas Natural Liquat i Gas Natural Comprimit.<\/p>\n<p style=%22text-align: left;%22>L&#8217;estaci\u00f3 de servei EDUX permet emmagatzemar i proveir GNL a tot tipus de camions i vehicles pesants, mantenint el l\u00edquid subrefredat i adaptant-se a la temperatura \u00f2ptima de les diferents marques. Tamb\u00e9 permet proveir GNC a turismes, vehicles lleugers i camions<\/p>\n<p>&#8221; content_phone=&#8221;<\/p>\n<p style=%22text-align: left;%22><a href=%22https:\/\/ham.es\/ca\/%22 title=%22Estaci\u00f3 de servei EDUX GNL - GNC i Biomet\u00e0 de Grup HAM%22><strong>Grup HAM<\/strong><\/a> ha desenvolupat EDUX, un nou concepte d&#8217;estaci\u00f3 de servei m\u00f2bil i transportable, que permet el prove\u00efment de Gas Natural Liquat i Gas Natural Comprimit.<\/p>\n<p style=%22text-align: left;%22>L&#8217;estaci\u00f3 de servei EDUX permet emmagatzemar i proveir GNL a tot tipus de camions i vehicles pesants, mantenint el l\u00edquid subrefredat i adaptant-se a la temperatura \u00f2ptima de les diferents marques. Tamb\u00e9 permet proveir GNC a turismes, vehicles lleugers i camions<\/p>\n<p>&#8221; content_last_edited=&#8221;on|desktop&#8221; _builder_version=&#8221;4.21.0&#8243; _module_preset=&#8221;default&#8221; text_font=&#8221;||||||||&#8221; text_text_color=&#8221;#000000&#8243; text_font_size=&#8221;15px&#8221; text_line_height=&#8221;2em&#8221; custom_margin=&#8221;|25px||25px|false|true&#8221; custom_margin_tablet=&#8221;&#8221; custom_margin_phone=&#8221;|15px||15px|false|true&#8221; custom_margin_last_edited=&#8221;on|desktop&#8221; custom_padding=&#8221;|0px|35px|0px|false|true&#8221; custom_padding_tablet=&#8221;|25px|0px|25px|false|true&#8221; custom_padding_phone=&#8221;0px|25px|0px|25px|true|true&#8221; custom_padding_last_edited=&#8221;on|phone&#8221; hover_enabled=&#8221;0&#8243; text_font_size_tablet=&#8221;&#8221; text_font_size_phone=&#8221;&#8221; text_font_size_last_edited=&#8221;on|phone&#8221; global_colors_info=&#8221;{}&#8221; sticky_enabled=&#8221;0&#8243;]<\/p>\n<p style=\"text-align: left;\"><a href=\"https:\/\/ham.es\/ca\/\" title=\"Estaci\u00f3 de servei EDUX GNL - GNC i Biomet\u00e0 de Grup HAM\"><strong>Grup HAM<\/strong><\/a> ha desenvolupat EDUX, un nou concepte d&#8217;estaci\u00f3 de servei m\u00f2bil i transportable, que permet el prove\u00efment de Gas Natural Liquat i Gas Natural Comprimit.<\/p>\n<p style=\"text-align: left;\">L&#8217;estaci\u00f3 de servei EDUX permet emmagatzemar i proveir GNL a tot tipus de camions i vehicles pesants, mantenint el l\u00edquid subrefredat i adaptant-se a la temperatura \u00f2ptima de les diferents marques. Tamb\u00e9 permet proveir GNC a turismes, vehicles lleugers i camions<\/p>\n<p>[\/et_pb_text][\/et_pb_column][et_pb_column type=&#8221;1_2&#8243; _builder_version=&#8221;4.16&#8243; _module_preset=&#8221;default&#8221; global_colors_info=&#8221;{}&#8221;][et_pb_code raw_content_tablet=&#8221;<iframe width=%22426%22 height=%22240%22 src=%22https:\/\/www.youtube.com\/embed\/sqUzIsCvKT0?rel=0%22 frameborder=%220%22 allow=%22autoplay; encrypted-media;%22 allowfullscreen><\/iframe>&#8221; raw_content_phone=&#8221;<iframe width=%22426%22 height=%22240%22 src=%22https:\/\/www.youtube.com\/embed\/sqUzIsCvKT0?rel=0%22 frameborder=%220%22 allow=%22autoplay; encrypted-media;%22 allowfullscreen><\/iframe>&#8221; raw_content_last_edited=&#8221;on|desktop&#8221; _builder_version=&#8221;4.21.0&#8243; _module_preset=&#8221;default&#8221; custom_margin=&#8221;0px||||false|false&#8221; custom_margin_tablet=&#8221;0px||||false|false&#8221; custom_margin_phone=&#8221;0px||-25px||false|false&#8221; custom_margin_last_edited=&#8221;on|phone&#8221; custom_padding=&#8221;0px||25px||false|false&#8221; global_colors_info=&#8221;{}&#8221;]<iframe loading=\"lazy\" width=\"426\" height=\"240\" src=\"https:\/\/www.youtube.com\/embed\/sqUzIsCvKT0?rel=0\" frameborder=\"0\" allow=\"autoplay; encrypted-media;\" allowfullscreen><\/iframe><!-- [et_pb_line_break_holder] -->[\/et_pb_code][\/et_pb_column][\/et_pb_row][et_pb_row column_structure=&#8221;1_2,1_2&#8243; _builder_version=&#8221;4.20.2&#8243; _module_preset=&#8221;default&#8221; width=&#8221;100%&#8221; max_width=&#8221;1300px&#8221; custom_padding=&#8221;0px||0px||false|false&#8221; locked=&#8221;off&#8221; global_colors_info=&#8221;{}&#8221;][et_pb_column type=&#8221;1_2&#8243; _builder_version=&#8221;4.16&#8243; _module_preset=&#8221;default&#8221; global_colors_info=&#8221;{}&#8221;][et_pb_image src=&#8221;https:\/\/ham.es\/wp-content\/uploads\/2024\/01\/estacion-servicio-gnl-gnc-transportable-movil.webp&#8221; alt=&#8221;Estaci\u00f3 de servei EDUX GNL &#8211; GNC m\u00f2bil i transportable, desenvolupat pel Grup HAM&#8221; title_text=&#8221;Estacio de servei GNC &#8211; GNL transportable i m\u00f2bil | EDUX Grup HAM&#8221; src_tablet=&#8221;https:\/\/ham.es\/wp-content\/uploads\/2024\/01\/estacion-servicio-gnl-gnc-transportable-movil.webp&#8221; src_phone=&#8221;https:\/\/ham.es\/wp-content\/uploads\/2024\/01\/estacion-servicio-gnl-gnc-transportable-movil.webp&#8221; src_last_edited=&#8221;on|desktop&#8221; _builder_version=&#8221;4.21.0&#8243; _module_preset=&#8221;default&#8221; custom_margin_tablet=&#8221;25px||||false|false&#8221; custom_margin_phone=&#8221;25px||||false|false&#8221; custom_margin_last_edited=&#8221;on|desktop&#8221; hover_enabled=&#8221;0&#8243; border_radii=&#8221;off|15px||15px|&#8221; border_radii_tablet=&#8221;off|15px||15px|&#8221; border_radii_phone=&#8221;off|15px||15px|&#8221; border_radii_last_edited=&#8221;on|desktop&#8221; global_colors_info=&#8221;{}&#8221; sticky_enabled=&#8221;0&#8243;][\/et_pb_image][\/et_pb_column][et_pb_column type=&#8221;1_2&#8243; _builder_version=&#8221;4.16&#8243; _module_preset=&#8221;default&#8221; global_colors_info=&#8221;{}&#8221;][et_pb_text content_tablet=&#8221;<\/p>\n<h2 style=%22font-size: 20px; text-align: center;%22><strong>EDUX, estaci\u00f3 de servei GNV<\/strong><\/h2>\n<p>&#8221; content_phone=&#8221;<\/p>\n<h2 style=%22font-size: 20px; text-align: center;%22><strong>EDUX, estaci\u00f3 de servei GNV<\/strong><\/h2>\n<p>&#8221; content_last_edited=&#8221;on|desktop&#8221; _builder_version=&#8221;4.21.0&#8243; _module_preset=&#8221;default&#8221; text_font=&#8221;||||||||&#8221; text_text_color=&#8221;#000000&#8243; text_font_size=&#8221;15px&#8221; text_line_height=&#8221;2em&#8221; custom_margin=&#8221;|25px|5px|25px|false|true&#8221; custom_margin_tablet=&#8221;&#8221; custom_margin_phone=&#8221;|15px||15px|false|true&#8221; custom_margin_last_edited=&#8221;on|desktop&#8221; custom_padding=&#8221;|0px|15px|0px|false|true&#8221; custom_padding_tablet=&#8221;|25px|15px|25px|false|true&#8221; custom_padding_phone=&#8221;15px|25px|15px|25px|true|true&#8221; custom_padding_last_edited=&#8221;on|desktop&#8221; hover_enabled=&#8221;0&#8243; text_font_size_tablet=&#8221;&#8221; text_font_size_phone=&#8221;&#8221; text_font_size_last_edited=&#8221;on|phone&#8221; global_colors_info=&#8221;{}&#8221; sticky_enabled=&#8221;0&#8243;]<\/p>\n<h2 style=\"font-size: 20px; text-align: center;\"><strong>EDUX, estaci\u00f3 de servei GNV<\/strong><\/h2>\n<p>[\/et_pb_text][et_pb_text content_tablet=&#8221;<\/p>\n<p style=%22text-align: left;%22>EDUX \u00e9s una moderna estaci\u00f3 de servei m\u00f2bil, que es monitoritza de forma remota, mitjan\u00e7ant el registre de diferents par\u00e0metres, garantint sempre el seu funcionament perfecte i permetent solucionar r\u00e0pidament qualsevol incid\u00e8ncia.<\/p>\n<p style=%22text-align: left;%22>La selecci\u00f3 de combustible i pagaments es pot realitzar de forma independent a cadascun dels assortidors, utilitzant qualsevol targeta de d\u00e8bit, cr\u00e8dit o la <a href=%22https:\/\/ham.es\/ca\/targeta-ham\/%22 title=%22Targeta HAM per respondre a les gasineres BENITO GNL- GNC%22><strong>Targeta HAM per a \u00fas professional<\/strong><\/a>, nom\u00e9s per a empreses i aut\u00f2noms.<\/p>\n<p>&#8221; content_phone=&#8221;<\/p>\n<p style=%22text-align: left;%22>EDUX \u00e9s una moderna estaci\u00f3 de servei m\u00f2bil, que es monitoritza de forma remota, mitjan\u00e7ant el registre de diferents par\u00e0metres, garantint sempre el seu funcionament perfecte i permetent solucionar r\u00e0pidament qualsevol incid\u00e8ncia.<\/p>\n<p style=%22text-align: left;%22>La selecci\u00f3 de combustible i pagaments es pot realitzar de forma independent a cadascun dels assortidors, utilitzant qualsevol targeta de d\u00e8bit, cr\u00e8dit o la <a href=%22https:\/\/ham.es\/ca\/targeta-ham\/%22 title=%22Targeta HAM per respondre a les gasineres BENITO GNL- GNC%22><strong>Targeta HAM per a \u00fas professional<\/strong><\/a>, nom\u00e9s per a empreses i aut\u00f2noms.<\/p>\n<p>&#8221; content_last_edited=&#8221;on|desktop&#8221; _builder_version=&#8221;4.21.0&#8243; _module_preset=&#8221;default&#8221; text_font=&#8221;||||||||&#8221; text_text_color=&#8221;#000000&#8243; text_font_size=&#8221;15px&#8221; text_line_height=&#8221;2em&#8221; custom_margin=&#8221;|25px||25px|false|true&#8221; custom_margin_tablet=&#8221;&#8221; custom_margin_phone=&#8221;|15px||15px|false|true&#8221; custom_margin_last_edited=&#8221;on|desktop&#8221; custom_padding=&#8221;|0px|35px|0px|false|true&#8221; custom_padding_tablet=&#8221;|25px|0px|25px|false|true&#8221; custom_padding_phone=&#8221;0px|25px|0px|25px|true|true&#8221; custom_padding_last_edited=&#8221;on|phone&#8221; hover_enabled=&#8221;0&#8243; text_font_size_tablet=&#8221;&#8221; text_font_size_phone=&#8221;&#8221; text_font_size_last_edited=&#8221;on|phone&#8221; global_colors_info=&#8221;{}&#8221; sticky_enabled=&#8221;0&#8243;]<\/p>\n<p style=\"text-align: left;\">EDUX \u00e9s una moderna estaci\u00f3 de servei m\u00f2bil, que es monitoritza de forma remota, mitjan\u00e7ant el registre de diferents par\u00e0metres, garantint sempre el seu funcionament perfecte i permetent solucionar r\u00e0pidament qualsevol incid\u00e8ncia.<\/p>\n<p style=\"text-align: left;\">La selecci\u00f3 de combustible i pagaments es pot realitzar de forma independent a cadascun dels assortidors, utilitzant qualsevol targeta de d\u00e8bit, cr\u00e8dit o la <a href=\"https:\/\/ham.es\/ca\/targeta-ham\" title=\"Targeta HAM per respondre a les gasineres BENITO GNL- GNC\"><strong>Targeta HAM per a \u00fas professional<\/strong><\/a>, nom\u00e9s per a empreses i aut\u00f2noms.<\/p>\n<p>[\/et_pb_text][\/et_pb_column][\/et_pb_row][\/et_pb_section][et_pb_section fb_built=&#8221;1&#8243; prev_background_color=&#8221;RGBA(0,0,0,0)&#8221; _builder_version=&#8221;4.21.0&#8243; _module_preset=&#8221;default&#8221; background_color=&#8221;#fcf6e9&#8243; custom_margin=&#8221;0px||0px||false|false&#8221; custom_margin_tablet=&#8221;0px||0px||false|false&#8221; custom_margin_phone=&#8221;0px||0px||false|false&#8221; custom_margin_last_edited=&#8221;on|desktop&#8221; custom_padding=&#8221;0px||0px||false|false&#8221; top_divider_style=&#8221;slant2&#8243; top_divider_style_tablet=&#8221;slant2&#8243; top_divider_style_phone=&#8221;slant2&#8243; top_divider_style_last_edited=&#8221;on|phone&#8221; background_last_edited=&#8221;on|desktop&#8221; locked=&#8221;off&#8221; global_colors_info=&#8221;{}&#8221;][et_pb_row column_structure=&#8221;1_2,1_2&#8243; use_custom_gutter=&#8221;on&#8221; custom_padding_last_edited=&#8221;on|desktop&#8221; _builder_version=&#8221;4.21.0&#8243; _module_preset=&#8221;default&#8221; custom_padding=&#8221;0px||||false|false&#8221; custom_padding_tablet=&#8221;0px||||false|false&#8221; custom_padding_phone=&#8221;0px||||false|false&#8221; global_colors_info=&#8221;{}&#8221;][et_pb_column type=&#8221;1_2&#8243; _builder_version=&#8221;4.21.0&#8243; _module_preset=&#8221;default&#8221; global_colors_info=&#8221;{}&#8221;][et_pb_text content_tablet=&#8221;<\/p>\n<h2 style=%22font-size: 20px; text-align: center;%22><strong>Contactar amb Grup HAM<\/strong><\/h2>\n<p>&#8221; content_phone=&#8221;<\/p>\n<h2 style=%22font-size: 20px; text-align: center;%22><strong>Contactar amb Grup HAM<\/strong><\/h2>\n<p>&#8221; content_last_edited=&#8221;on|desktop&#8221; _builder_version=&#8221;4.21.0&#8243; _module_preset=&#8221;default&#8221; text_font=&#8221;||||||||&#8221; text_text_color=&#8221;#000000&#8243; text_font_size=&#8221;15px&#8221; text_line_height=&#8221;2em&#8221; custom_margin=&#8221;25px|25px|25px|25px|true|true&#8221; custom_margin_tablet=&#8221;0px||15px||false|true&#8221; custom_margin_phone=&#8221;|15px||15px|false|true&#8221; custom_margin_last_edited=&#8221;on|desktop&#8221; custom_padding=&#8221;|0px|0px|0px|false|true&#8221; custom_padding_tablet=&#8221;|25px|0px|25px|false|true&#8221; custom_padding_phone=&#8221;0px|25px|0px|25px|true|true&#8221; custom_padding_last_edited=&#8221;on|phone&#8221; hover_enabled=&#8221;0&#8243; text_font_size_tablet=&#8221;&#8221; text_font_size_phone=&#8221;&#8221; text_font_size_last_edited=&#8221;on|phone&#8221; global_colors_info=&#8221;{}&#8221; sticky_enabled=&#8221;0&#8243;]<\/p>\n<h2 style=\"font-size: 20px; text-align: center;\"><strong>Contactar amb Grup HAM<\/strong><\/h2>\n<p>[\/et_pb_text][et_pb_text content_tablet=&#8221;<\/p>\n<p style=%22font-size: 16px; text-align: left;%22>Per rebre m\u00e9s informaci\u00f3 sobre les nostres innovadores estacions de servei EDUX GNL, GNC i Biomet\u00e0, nom\u00e9s cal que ens <a href=%22https:\/\/ham.es\/ca\/contacte\/%22 title=%22Contactar amb Grup HAM per demanar informaci\u00f3 sobre estaci\u00f3 de servei EDUX GNL - GNC%22><strong>escriviu ara<\/strong><\/a> o truqueu-nos al tel\u00e8fon <a href=%22tel:+34937704760%22 title=%22Trucar a Grup HAM per preguntar per les estacions de servei EDUX GNL - GNC%22><strong>(34) 93 770 47 60<\/strong><\/a>.<br \/>\nEl nostre equip estar\u00e0 encantat d&#8217;atendre&#8217;l.<\/p>\n<p>&#8221; content_phone=&#8221;<\/p>\n<p style=%22font-size: 15px; text-align: left;%22>Per rebre m\u00e9s informaci\u00f3 sobre les nostres innovadores estacions de servei EDUX GNL, GNC i Biomet\u00e0, nom\u00e9s cal que ens <a href=%22https:\/\/ham.es\/ca\/contacte\/%22 title=%22Contactar amb Grup HAM per demanar informaci\u00f3 sobre estaci\u00f3 de servei EDUX GNL - GNC%22><strong>escriviu ara<\/strong><\/a> o truqueu-nos al tel\u00e8fon <a href=%22tel:+34937704760%22 title=%22Trucar a Grup HAM per preguntar per les estacions de servei EDUX GNL - GNC%22><strong>(34) 93 770 47 60<\/strong><\/a>.<br \/>\nEl nostre equip estar\u00e0 encantat d&#8217;atendre&#8217;l.<\/p>\n<p>&#8221; content_last_edited=&#8221;on|desktop&#8221; _builder_version=&#8221;4.21.0&#8243; _module_preset=&#8221;default&#8221; text_font=&#8221;||||||||&#8221; text_text_color=&#8221;#000000&#8243; text_font_size=&#8221;15px&#8221; text_line_height=&#8221;2em&#8221; custom_margin=&#8221;|25px||25px|false|true&#8221; custom_margin_tablet=&#8221;||30px||false|true&#8221; custom_margin_phone=&#8221;|15px|30px|15px|false|true&#8221; custom_margin_last_edited=&#8221;on|desktop&#8221; custom_padding=&#8221;|0px|35px|0px|false|true&#8221; custom_padding_tablet=&#8221;|25px|0px|25px|false|true&#8221; custom_padding_phone=&#8221;0px|25px|0px|25px|true|true&#8221; custom_padding_last_edited=&#8221;on|tablet&#8221; hover_enabled=&#8221;0&#8243; text_font_size_tablet=&#8221;&#8221; text_font_size_phone=&#8221;&#8221; text_font_size_last_edited=&#8221;on|phone&#8221; global_colors_info=&#8221;{}&#8221; sticky_enabled=&#8221;0&#8243;]<\/p>\n<p style=\"font-size: 18px; text-align: left;\">Per rebre m\u00e9s informaci\u00f3 sobre les nostres innovadores estacions de servei EDUX GNL, GNC i Biomet\u00e0, nom\u00e9s cal que ens <a href=\"https:\/\/ham.es\/ca\/contacte\" title=\"Contactar amb Grup HAM per demanar informaci\u00f3 sobre estaci\u00f3 de servei EDUX GNL - GNC\"><strong>escriviu ara<\/strong><\/a> o truqueu-nos al tel\u00e8fon <a href=\"tel:+34937704760\" title=\"Trucar a Grup HAM per preguntar per les estacions de servei EDUX GNL - GNC\"><strong>(34) 93 770 47 60<\/strong><\/a>.<br \/>El nostre equip estar\u00e0 encantat d&#8217;atendre&#8217;l.<\/p>\n<p>[\/et_pb_text][\/et_pb_column][et_pb_column type=&#8221;1_2&#8243; _builder_version=&#8221;4.21.0&#8243; _module_preset=&#8221;default&#8221; global_colors_info=&#8221;{}&#8221;][et_pb_image src=&#8221;https:\/\/ham.es\/wp-content\/uploads\/2024\/01\/estacion-servicio-gnc-gnl-transportable-movil-contacto.webp&#8221; alt=&#8221;Estaci\u00f3 de servei EDUX m\u00f2bil i transportable per proveir gas natural liquat i gas natural comprimit&#8221; title_text=&#8221;Estacio de servei EDUX GNL &#8211; GNC transportable i m\u00f2bil | Grup HAM&#8221; force_fullwidth=&#8221;on&#8221; src_tablet=&#8221;https:\/\/ham.es\/wp-content\/uploads\/2024\/01\/estacion-servicio-gnc-gnl-transportable-movil-contacto.webp&#8221; src_phone=&#8221;https:\/\/ham.es\/wp-content\/uploads\/2024\/01\/estacion-servicio-gnc-gnl-transportable-movil-contacto.webp&#8221; src_last_edited=&#8221;on|desktop&#8221; _builder_version=&#8221;4.21.0&#8243; _module_preset=&#8221;default&#8221; background_enable_image=&#8221;off&#8221; background_size=&#8221;initial&#8221; custom_margin_tablet=&#8221;-35px||||false|false&#8221; custom_margin_phone=&#8221;-35px||||false|false&#8221; custom_margin_last_edited=&#8221;on|desktop&#8221; custom_padding=&#8221;||0px||false|false&#8221; hover_enabled=&#8221;0&#8243; border_radii=&#8221;off|15px||15px|&#8221; border_radii_tablet=&#8221;off|15px||15px|&#8221; border_radii_phone=&#8221;off|15px||15px|&#8221; border_radii_last_edited=&#8221;on|desktop&#8221; global_colors_info=&#8221;{}&#8221; sticky_enabled=&#8221;0&#8243;][\/et_pb_image][\/et_pb_column][\/et_pb_row][\/et_pb_section]<\/p>\n","protected":false},"excerpt":{"rendered":"<p>EDUX, estaci\u00f3 de servei m\u00f2bil i transportable GNL \u2013 GNC i Biomet\u00e0Grup HAM ha desenvolupat EDUX, un nou concepte d&#8217;estaci\u00f3 de servei m\u00f2bil i transportable, que permet el prove\u00efment de Gas Natural Liquat i Gas Natural Comprimit. L&#8217;estaci\u00f3 de servei EDUX permet emmagatzemar i proveir GNL a tot tipus de camions i vehicles pesants, mantenint [&hellip;]<\/p>\n","protected":false},"author":2,"featured_media":0,"parent":0,"menu_order":0,"comment_status":"closed","ping_status":"closed","template":"","meta":{"_et_pb_use_builder":"on","_et_pb_old_content":"","_et_gb_content_width":"","footnotes":""},"class_list":["post-8482","page","type-page","status-publish","hentry"],"_links":{"self":[{"href":"https:\/\/ham.es\/ca\/wp-json\/wp\/v2\/pages\/8482","targetHints":{"allow":["GET"]}}],"collection":[{"href":"https:\/\/ham.es\/ca\/wp-json\/wp\/v2\/pages"}],"about":[{"href":"https:\/\/ham.es\/ca\/wp-json\/wp\/v2\/types\/page"}],"author":[{"embeddable":true,"href":"https:\/\/ham.es\/ca\/wp-json\/wp\/v2\/users\/2"}],"replies":[{"embeddable":true,"href":"https:\/\/ham.es\/ca\/wp-json\/wp\/v2\/comments?post=8482"}],"version-history":[{"count":2,"href":"https:\/\/ham.es\/ca\/wp-json\/wp\/v2\/pages\/8482\/revisions"}],"predecessor-version":[{"id":16362,"href":"https:\/\/ham.es\/ca\/wp-json\/wp\/v2\/pages\/8482\/revisions\/16362"}],"wp:attachment":[{"href":"https:\/\/ham.es\/ca\/wp-json\/wp\/v2\/media?parent=8482"}],"curies":[{"name":"wp","href":"https:\/\/api.w.org\/{rel}","templated":true}]}}